{"id":69,"date":"2024-01-12T17:09:27","date_gmt":"2024-01-12T20:09:27","guid":{"rendered":"https:\/\/blog.softdrinks.com.br\/?page_id=69"},"modified":"2024-02-05T14:48:14","modified_gmt":"2024-02-05T17:48:14","slug":"tecnologia-de-producao","status":"publish","type":"page","link":"https:\/\/blog.softdrinks.com.br\/index.php\/tecnologia-de-producao\/","title":{"rendered":"Tecnologia de Produ\u00e7\u00e3o"},"content":{"rendered":"\t\t<div data-elementor-type=\"wp-page\" data-elementor-id=\"69\" class=\"elementor elementor-69\" data-elementor-post-type=\"page\">\n\t\t\t\t\t\t<section class=\"elementor-section elementor-top-section elementor-element elementor-element-5fdd8a69 elementor-section-full_width elementor-section-height-default elementor-section-height-default\" data-id=\"5fdd8a69\" data-element_type=\"section\">\n\t\t\t\t\t\t<div class=\"elementor-container elementor-column-gap-no\">\n\t\t\t\t\t<div class=\"elementor-column elementor-col-100 elementor-top-column elementor-element elementor-element-3aec37cc\" data-id=\"3aec37cc\" data-element_type=\"column\">\n\t\t\t<div class=\"elementor-widget-wrap elementor-element-populated\">\n\t\t\t\t\t\t<div class=\"elementor-element elementor-element-16fc3d48 elementor-widget elementor-widget-elementskit-heading\" data-id=\"16fc3d48\" data-element_type=\"widget\" data-widget_type=\"elementskit-heading.default\">\n\t\t\t\t<div class=\"elementor-widget-container\">\n\t\t\t<div class=\"ekit-wid-con\" ><div class=\"ekit-heading elementskit-section-title-wraper center   ekit_heading_tablet-   ekit_heading_mobile-\"><h2 class=\"ekit-heading--title elementskit-section-title \">Tecnologia e Produ\u00e7\u00e3o<\/h2><div class=\"ekit_heading_separetor_wraper ekit_heading_elementskit-border-divider\"><div class=\"elementskit-border-divider\"><\/div><\/div>\t\t\t\t<div class='ekit-heading__description'>\n\t\t\t\t\t<p><span style=\"font-weight: 400\">NABLAB - Non-alcohol and low- alcohol beverages<\/span><\/p>\n\t\t\t\t<\/div>\n\t\t\t<\/div><\/div>\t\t<\/div>\n\t\t\t\t<\/div>\n\t\t\t\t<section class=\"elementor-section elementor-inner-section elementor-element elementor-element-7256df9e elementor-section-boxed elementor-section-height-default elementor-section-height-default\" data-id=\"7256df9e\" data-element_type=\"section\">\n\t\t\t\t\t\t<div class=\"elementor-container elementor-column-gap-default\">\n\t\t\t\t\t<div class=\"elementor-column elementor-col-33 elementor-inner-column elementor-element elementor-element-60ab9047\" data-id=\"60ab9047\" data-element_type=\"column\">\n\t\t\t<div class=\"elementor-widget-wrap elementor-element-populated\">\n\t\t\t\t\t\t<div class=\"elementor-element elementor-element-6233c6b6 ekit-equal-height-disable elementor-widget elementor-widget-elementskit-image-box\" data-id=\"6233c6b6\" data-element_type=\"widget\" data-widget_type=\"elementskit-image-box.default\">\n\t\t\t\t<div class=\"elementor-widget-container\">\n\t\t\t<div class=\"ekit-wid-con\" >\n            <div class=\"elementskit-info-image-box ekit-image-box text-left style-sideline\" >\n\n                \n                <div class=\"elementskit-box-header image-box-img-left\">\n\n                    <img fetchpriority=\"high\" decoding=\"async\" width=\"1000\" height=\"668\" src=\"https:\/\/blog.softdrinks.com.br\/wp-content\/uploads\/2024\/01\/DSC_0037.jpg\" class=\"attachment-full size-full wp-image-124\" alt=\"\" srcset=\"https:\/\/blog.softdrinks.com.br\/wp-content\/uploads\/2024\/01\/DSC_0037.jpg 1000w, https:\/\/blog.softdrinks.com.br\/wp-content\/uploads\/2024\/01\/DSC_0037-300x200.jpg 300w, https:\/\/blog.softdrinks.com.br\/wp-content\/uploads\/2024\/01\/DSC_0037-768x513.jpg 768w, https:\/\/blog.softdrinks.com.br\/wp-content\/uploads\/2024\/01\/DSC_0037-600x401.jpg 600w\" sizes=\"(max-width: 1000px) 100vw, 1000px\" \/>\n                <\/div>\n                \n                <div class=\"elementskit-box-body ekit-image-box-body\">\n                    <div class=\"elementskit-box-content ekit-image-box-body-inner\">\n                                                <h3 class=\"elementskit-info-box-title\">\n\n                        DAMEK\n                        \n                    <\/h3>\n                                                            <div class=\"elementskit-box-style-content\">\n                        Empresa especializada em fabrica\u00e7\u00e3o e equipamentos para produ\u00e7\u00e3o de kombuchas.                    <\/div>\n                                    <\/div>\n\n                                <div class=\"elementskit-box-footer\">\n                    <div class=\"box-footer\">\n                        <div class=\"btn-wraper\">\n                                                            <a href=\"https:\/\/www.grupodamek.com.br\/\" target=\"_blank\" class=\"elementskit-btn whitespace--normal\">\n                                    \n                                    \n                                    https:\/\/www.grupodamek.com.br\/                                <\/a>\n                                                        <\/div>\n                    <\/div>\n                <\/div>\n                            <\/div>\n            <\/div>\n    <\/div>\t\t<\/div>\n\t\t\t\t<\/div>\n\t\t\t\t\t<\/div>\n\t\t<\/div>\n\t\t\t\t<div class=\"elementor-column elementor-col-33 elementor-inner-column elementor-element elementor-element-57d3f4b6\" data-id=\"57d3f4b6\" data-element_type=\"column\">\n\t\t\t<div class=\"elementor-widget-wrap elementor-element-populated\">\n\t\t\t\t\t\t<div class=\"elementor-element elementor-element-5bb6a4e1 ekit-equal-height-disable elementor-widget elementor-widget-elementskit-image-box\" data-id=\"5bb6a4e1\" data-element_type=\"widget\" data-widget_type=\"elementskit-image-box.default\">\n\t\t\t\t<div class=\"elementor-widget-container\">\n\t\t\t<div class=\"ekit-wid-con\" >\n            <div class=\"elementskit-info-image-box ekit-image-box text-left style-sideline\" >\n\n                \n                <div class=\"elementskit-box-header image-box-img-left\">\n\n                    <img decoding=\"async\" width=\"800\" height=\"534\" src=\"https:\/\/blog.softdrinks.com.br\/wp-content\/uploads\/2024\/01\/inlager2.jpg\" class=\"attachment-full size-full wp-image-379\" alt=\"\" srcset=\"https:\/\/blog.softdrinks.com.br\/wp-content\/uploads\/2024\/01\/inlager2.jpg 800w, https:\/\/blog.softdrinks.com.br\/wp-content\/uploads\/2024\/01\/inlager2-300x200.jpg 300w, https:\/\/blog.softdrinks.com.br\/wp-content\/uploads\/2024\/01\/inlager2-768x513.jpg 768w, https:\/\/blog.softdrinks.com.br\/wp-content\/uploads\/2024\/01\/inlager2-600x401.jpg 600w\" sizes=\"(max-width: 800px) 100vw, 800px\" \/>\n                <\/div>\n                \n                <div class=\"elementskit-box-body ekit-image-box-body\">\n                    <div class=\"elementskit-box-content ekit-image-box-body-inner\">\n                                                <h3 class=\"elementskit-info-box-title\">\n\n                        INLAGER\n                        \n                    <\/h3>\n                                                            <div class=\"elementskit-box-style-content\">\n                        Solu\u00e7\u00f5es de recrave, envase, arrolhamento, sanitiza\u00e7\u00e3o e entre outros.\n                    <\/div>\n                                    <\/div>\n\n                                <div class=\"elementskit-box-footer\">\n                    <div class=\"box-footer\">\n                        <div class=\"btn-wraper\">\n                                                            <a href=\"https:\/\/inlager.com.br\/\" target=\"_blank\" class=\"elementskit-btn whitespace--normal\">\n                                    \n                                    \n                                    https:\/\/inlager.com.br\/                                <\/a>\n                                                        <\/div>\n                    <\/div>\n                <\/div>\n                            <\/div>\n            <\/div>\n    <\/div>\t\t<\/div>\n\t\t\t\t<\/div>\n\t\t\t\t\t<\/div>\n\t\t<\/div>\n\t\t\t\t<div class=\"elementor-column elementor-col-33 elementor-inner-column elementor-element elementor-element-177e6019\" data-id=\"177e6019\" data-element_type=\"column\">\n\t\t\t<div class=\"elementor-widget-wrap elementor-element-populated\">\n\t\t\t\t\t\t<div class=\"elementor-element elementor-element-24fa307d ekit-equal-height-disable elementor-widget elementor-widget-elementskit-image-box\" data-id=\"24fa307d\" data-element_type=\"widget\" data-widget_type=\"elementskit-image-box.default\">\n\t\t\t\t<div class=\"elementor-widget-container\">\n\t\t\t<div class=\"ekit-wid-con\" >\n            <div class=\"elementskit-info-image-box ekit-image-box text-left style-sideline\" >\n\n                \n                <div class=\"elementskit-box-header image-box-img-left\">\n\n                    <img decoding=\"async\" width=\"350\" height=\"234\" src=\"https:\/\/blog.softdrinks.com.br\/wp-content\/uploads\/2024\/01\/DSC_0170-1.jpg\" class=\"attachment-full size-full wp-image-380\" alt=\"\" srcset=\"https:\/\/blog.softdrinks.com.br\/wp-content\/uploads\/2024\/01\/DSC_0170-1.jpg 350w, https:\/\/blog.softdrinks.com.br\/wp-content\/uploads\/2024\/01\/DSC_0170-1-300x201.jpg 300w\" sizes=\"(max-width: 350px) 100vw, 350px\" \/>\n                <\/div>\n                \n                <div class=\"elementskit-box-body ekit-image-box-body\">\n                    <div class=\"elementskit-box-content ekit-image-box-body-inner\">\n                                                <h3 class=\"elementskit-info-box-title\">\n\n                        MC PACK\n                        \n                    <\/h3>\n                                                            <div class=\"elementskit-box-style-content\">\n                        A McPack \u00e9 uma empresa de venda de equipamentos, tais como: dosadores de nitrog\u00eanio, secadores por turbina, linhas completas para fabrica\u00e7\u00e3o de bebidas.                    <\/div>\n                                    <\/div>\n\n                                <div class=\"elementskit-box-footer\">\n                    <div class=\"box-footer\">\n                        <div class=\"btn-wraper\">\n                                                            <a href=\"https:\/\/www.mcpack.com.br\/\" target=\"_blank\" class=\"elementskit-btn whitespace--normal\">\n                                    \n                                    \n                                    https:\/\/www.mcpack.com.br\/                                <\/a>\n                                                        <\/div>\n                    <\/div>\n                <\/div>\n                            <\/div>\n            <\/div>\n    <\/div>\t\t<\/div>\n\t\t\t\t<\/div>\n\t\t\t\t\t<\/div>\n\t\t<\/div>\n\t\t\t\t\t<\/div>\n\t\t<\/section>\n\t\t\t\t<section class=\"elementor-section elementor-inner-section elementor-element elementor-element-6892edf elementor-section-boxed elementor-section-height-default elementor-section-height-default\" data-id=\"6892edf\" data-element_type=\"section\">\n\t\t\t\t\t\t<div class=\"elementor-container elementor-column-gap-default\">\n\t\t\t\t\t<div class=\"elementor-column elementor-col-33 elementor-inner-column elementor-element elementor-element-fa04c22\" data-id=\"fa04c22\" data-element_type=\"column\">\n\t\t\t<div class=\"elementor-widget-wrap elementor-element-populated\">\n\t\t\t\t\t\t<div class=\"elementor-element elementor-element-76d001c ekit-equal-height-disable elementor-widget elementor-widget-elementskit-image-box\" data-id=\"76d001c\" data-element_type=\"widget\" data-widget_type=\"elementskit-image-box.default\">\n\t\t\t\t<div class=\"elementor-widget-container\">\n\t\t\t<div class=\"ekit-wid-con\" >\n            <div class=\"elementskit-info-image-box ekit-image-box text-left style-sideline\" >\n\n                \n                <div class=\"elementskit-box-header image-box-img-left\">\n\n                    <img loading=\"lazy\" decoding=\"async\" width=\"2560\" height=\"1707\" src=\"https:\/\/blog.softdrinks.com.br\/wp-content\/uploads\/2024\/01\/IMG_9678-scaled.jpg\" class=\"attachment-full size-full wp-image-381\" alt=\"\" srcset=\"https:\/\/blog.softdrinks.com.br\/wp-content\/uploads\/2024\/01\/IMG_9678-scaled.jpg 2560w, https:\/\/blog.softdrinks.com.br\/wp-content\/uploads\/2024\/01\/IMG_9678-300x200.jpg 300w, https:\/\/blog.softdrinks.com.br\/wp-content\/uploads\/2024\/01\/IMG_9678-1024x683.jpg 1024w, https:\/\/blog.softdrinks.com.br\/wp-content\/uploads\/2024\/01\/IMG_9678-768x512.jpg 768w, https:\/\/blog.softdrinks.com.br\/wp-content\/uploads\/2024\/01\/IMG_9678-1536x1024.jpg 1536w, https:\/\/blog.softdrinks.com.br\/wp-content\/uploads\/2024\/01\/IMG_9678-2048x1365.jpg 2048w, https:\/\/blog.softdrinks.com.br\/wp-content\/uploads\/2024\/01\/IMG_9678-600x400.jpg 600w\" sizes=\"(max-width: 2560px) 100vw, 2560px\" \/>\n                <\/div>\n                \n                <div class=\"elementskit-box-body ekit-image-box-body\">\n                    <div class=\"elementskit-box-content ekit-image-box-body-inner\">\n                                                <h3 class=\"elementskit-info-box-title\">\n\n                        Acqua Nobilis Ambiental\n                        \n                    <\/h3>\n                                                            <div class=\"elementskit-box-style-content\">\n                        A Acqua Nobilis atua na readequa\u00e7\u00e3o e atualiza\u00e7\u00e3o tecnol\u00f3gica de ETE\u2019s existentes, instala\u00e7\u00e3o de equipamentos (incluindo hidr\u00e1ulica, el\u00e9trica e pneum\u00e1tica), projetos 2D, 3D, fluxogramas e layout, ensaios de tratabilidade, memorial de c\u00e1lculo de equipamentos, treinamentos te\u00f3ricos e operacionais e muito mais.                    <\/div>\n                                    <\/div>\n\n                                <div class=\"elementskit-box-footer\">\n                    <div class=\"box-footer\">\n                        <div class=\"btn-wraper\">\n                                                            <a href=\"https:\/\/www.acquanobilis.com.br\/\" target=\"_blank\" class=\"elementskit-btn whitespace--normal\">\n                                    \n                                    \n                                    https:\/\/www.acquanobilis.com.br\/                                <\/a>\n                                                        <\/div>\n                    <\/div>\n                <\/div>\n                            <\/div>\n            <\/div>\n    <\/div>\t\t<\/div>\n\t\t\t\t<\/div>\n\t\t\t\t\t<\/div>\n\t\t<\/div>\n\t\t\t\t<div class=\"elementor-column elementor-col-33 elementor-inner-column elementor-element elementor-element-c3378e9\" data-id=\"c3378e9\" data-element_type=\"column\">\n\t\t\t<div class=\"elementor-widget-wrap elementor-element-populated\">\n\t\t\t\t\t\t<div class=\"elementor-element elementor-element-2c71ad3 ekit-equal-height-disable elementor-widget elementor-widget-elementskit-image-box\" data-id=\"2c71ad3\" data-element_type=\"widget\" data-widget_type=\"elementskit-image-box.default\">\n\t\t\t\t<div class=\"elementor-widget-container\">\n\t\t\t<div class=\"ekit-wid-con\" >\n            <div class=\"elementskit-info-image-box ekit-image-box text-left style-sideline\" >\n\n                \n                <div class=\"elementskit-box-header image-box-img-left\">\n\n                    <img loading=\"lazy\" decoding=\"async\" width=\"2560\" height=\"1706\" src=\"https:\/\/blog.softdrinks.com.br\/wp-content\/uploads\/2024\/01\/IMG_9938-scaled.jpg\" class=\"attachment-full size-full wp-image-382\" alt=\"\" srcset=\"https:\/\/blog.softdrinks.com.br\/wp-content\/uploads\/2024\/01\/IMG_9938-scaled.jpg 2560w, https:\/\/blog.softdrinks.com.br\/wp-content\/uploads\/2024\/01\/IMG_9938-300x200.jpg 300w, https:\/\/blog.softdrinks.com.br\/wp-content\/uploads\/2024\/01\/IMG_9938-1024x683.jpg 1024w, https:\/\/blog.softdrinks.com.br\/wp-content\/uploads\/2024\/01\/IMG_9938-768x512.jpg 768w, https:\/\/blog.softdrinks.com.br\/wp-content\/uploads\/2024\/01\/IMG_9938-1536x1024.jpg 1536w, https:\/\/blog.softdrinks.com.br\/wp-content\/uploads\/2024\/01\/IMG_9938-2048x1365.jpg 2048w, https:\/\/blog.softdrinks.com.br\/wp-content\/uploads\/2024\/01\/IMG_9938-600x400.jpg 600w\" sizes=\"(max-width: 2560px) 100vw, 2560px\" \/>\n                <\/div>\n                \n                <div class=\"elementskit-box-body ekit-image-box-body\">\n                    <div class=\"elementskit-box-content ekit-image-box-body-inner\">\n                                                <h3 class=\"elementskit-info-box-title\">\n\n                        HDAT Sistemas Inteligentes\n                        \n                    <\/h3>\n                                                            <div class=\"elementskit-box-style-content\">\n                        Empresa  de desenvolvimento de produtos como m\u00e1quinas de envase,  rinser, e diversos outros produtos todos com n\u00edvel de excel\u00eancia nos controles de processos.                    <\/div>\n                                    <\/div>\n\n                                <div class=\"elementskit-box-footer\">\n                    <div class=\"box-footer\">\n                        <div class=\"btn-wraper\">\n                                                            <a href=\"https:\/\/hdatsistemas.com\/\" target=\"_blank\" class=\"elementskit-btn whitespace--normal\">\n                                    \n                                    \n                                    https:\/\/hdatsistemas.com\/                                <\/a>\n                                                        <\/div>\n                    <\/div>\n                <\/div>\n                            <\/div>\n            <\/div>\n    <\/div>\t\t<\/div>\n\t\t\t\t<\/div>\n\t\t\t\t\t<\/div>\n\t\t<\/div>\n\t\t\t\t<div class=\"elementor-column elementor-col-33 elementor-inner-column elementor-element elementor-element-76fa133\" data-id=\"76fa133\" data-element_type=\"column\">\n\t\t\t<div class=\"elementor-widget-wrap elementor-element-populated\">\n\t\t\t\t\t\t<div class=\"elementor-element elementor-element-09b5f8a ekit-equal-height-disable elementor-widget elementor-widget-elementskit-image-box\" data-id=\"09b5f8a\" data-element_type=\"widget\" data-widget_type=\"elementskit-image-box.default\">\n\t\t\t\t<div class=\"elementor-widget-container\">\n\t\t\t<div class=\"ekit-wid-con\" >\n            <div class=\"elementskit-info-image-box ekit-image-box text-left style-sideline\" >\n\n                \n                <div class=\"elementskit-box-header image-box-img-left\">\n\n                    <img loading=\"lazy\" decoding=\"async\" width=\"500\" height=\"334\" src=\"https:\/\/blog.softdrinks.com.br\/wp-content\/uploads\/2024\/01\/DSC_0156.jpg\" class=\"attachment-full size-full wp-image-383\" alt=\"\" srcset=\"https:\/\/blog.softdrinks.com.br\/wp-content\/uploads\/2024\/01\/DSC_0156.jpg 500w, https:\/\/blog.softdrinks.com.br\/wp-content\/uploads\/2024\/01\/DSC_0156-300x200.jpg 300w\" sizes=\"(max-width: 500px) 100vw, 500px\" \/>\n                <\/div>\n                \n                <div class=\"elementskit-box-body ekit-image-box-body\">\n                    <div class=\"elementskit-box-content ekit-image-box-body-inner\">\n                                                <h3 class=\"elementskit-info-box-title\">\n\n                        MYOZONE\n                        \n                    <\/h3>\n                                                            <div class=\"elementskit-box-style-content\">\n                        Tecnologia de ponta em Geradores de Oz\u00f4nio. A myOzone acreditou e decidiu investir no desenvolvimento de geradores de oz\u00f4nio industriais para aplica\u00e7\u00f5es de \u201coz\u00f4nio gasoso\u201d, \u201c\u00e1gua ozonizada\u201d e \u201cn\u00e9voa ozonizada\u201d. a myOZONE financia e participa ativamente no desenvolvimento de pesquisas com oz\u00f4nio                    <\/div>\n                                    <\/div>\n\n                                <div class=\"elementskit-box-footer\">\n                    <div class=\"box-footer\">\n                        <div class=\"btn-wraper\">\n                                                            <a href=\"https:\/\/myozone.com.br\/\" target=\"_blank\" class=\"elementskit-btn whitespace--normal\">\n                                    \n                                    \n                                    https:\/\/myozone.com.br\/                                <\/a>\n                                                        <\/div>\n                    <\/div>\n                <\/div>\n                            <\/div>\n            <\/div>\n    <\/div>\t\t<\/div>\n\t\t\t\t<\/div>\n\t\t\t\t\t<\/div>\n\t\t<\/div>\n\t\t\t\t\t<\/div>\n\t\t<\/section>\n\t\t\t\t\t<\/div>\n\t\t<\/div>\n\t\t\t\t\t<\/div>\n\t\t<\/section>\n\t\t\t\t<\/div>\n\t\t","protected":false},"excerpt":{"rendered":"<p>Tecnologia e Produ\u00e7\u00e3o NABLAB &#8211; Non-alcohol and low- alcohol beverages DAMEK Empresa especializada em fabrica\u00e7\u00e3o e equipamentos para produ\u00e7\u00e3o de kombuchas. https:\/\/www.grupodamek.com.br\/ INLAGER Solu\u00e7\u00f5es de recrave, envase, arrolhamento, sanitiza\u00e7\u00e3o e entre outros. https:\/\/inlager.com.br\/ MC PACK A McPack \u00e9 uma empresa&#8230;<\/p>\n","protected":false},"author":1,"featured_media":0,"parent":0,"menu_order":0,"comment_status":"closed","ping_status":"closed","template":"elementor_header_footer","meta":{"footnotes":""},"_links":{"self":[{"href":"https:\/\/blog.softdrinks.com.br\/index.php\/wp-json\/wp\/v2\/pages\/69"}],"collection":[{"href":"https:\/\/blog.softdrinks.com.br\/index.php\/wp-json\/wp\/v2\/pages"}],"about":[{"href":"https:\/\/blog.softdrinks.com.br\/index.php\/wp-json\/wp\/v2\/types\/page"}],"author":[{"embeddable":true,"href":"https:\/\/blog.softdrinks.com.br\/index.php\/wp-json\/wp\/v2\/users\/1"}],"replies":[{"embeddable":true,"href":"https:\/\/blog.softdrinks.com.br\/index.php\/wp-json\/wp\/v2\/comments?post=69"}],"version-history":[{"count":37,"href":"https:\/\/blog.softdrinks.com.br\/index.php\/wp-json\/wp\/v2\/pages\/69\/revisions"}],"predecessor-version":[{"id":549,"href":"https:\/\/blog.softdrinks.com.br\/index.php\/wp-json\/wp\/v2\/pages\/69\/revisions\/549"}],"wp:attachment":[{"href":"https:\/\/blog.softdrinks.com.br\/index.php\/wp-json\/wp\/v2\/media?parent=69"}],"curies":[{"name":"wp","href":"https:\/\/api.w.org\/{rel}","templated":true}]}}